{"id":390,"date":"2021-03-26T12:46:30","date_gmt":"2021-03-26T17:46:30","guid":{"rendered":"https:\/\/termaleslosvolcanes.com\/?post_type=product&#038;p=390"},"modified":"2024-08-26T17:07:48","modified_gmt":"2024-08-26T22:07:48","slug":"seccion-de-spa","status":"publish","type":"product","link":"https:\/\/termaleslosvolcanes.com\/en\/product\/seccion-de-spa\/","title":{"rendered":"Spa services"},"content":{"rendered":"<p><strong>Armon\u00eda Zen (1 hour)<br \/>\n<\/strong>$150.000<br \/>\nConsiente y renueva tu cuerpo con un relajante masaje y una exfoliaci\u00f3n con cristales marinos acompa\u00f1ado de una hidratante mascarilla facial.<\/p>\n<p><strong>Masaje con Piedras Volc\u00e1nicas (1 hora)<br \/>\n<\/strong>$130.000<br \/>\nRecibe alivio y relajaci\u00f3n muscular al combinar el masaje con la temperatura ideal de las piedras volc\u00e1nicas.<\/p>\n<p><strong>Relajaci\u00f3n Termal (1 hora)<\/strong><br \/>\n$110.000<br \/>\nMasaje que relaja los sen?dos, proporcionando bienestar en cuerpo, mente y esp\u00edritu.<\/p>\n<p><strong>Couple Massages (1 hour)<\/strong><br \/>\n$350.000<br \/>\nComparte una sesi\u00f3n de relajaci\u00f3n y con\u00e9ctate con tu pareja mediante un masaje de relajaci\u00f3n acompa\u00f1ado de una mascarilla hidratante y un delicioso mix de frutas tropicales.<\/p>\n<p style=\"padding-left: 40px;\"><strong>Masaje Localizado (30 min.)<\/strong><br \/>\n$75.000<\/p>\n<p style=\"padding-left: 40px;\"><strong>Chocoterapia (40 min.)<\/strong><br \/>\n$90.000<br \/>\nEstimula tus sentidos, hidrata la piel y reduce el estr\u00e9s por medio de una mascarilla corporal de chocolate aplicada con masaje linf\u00e1tico.<\/p>\n<p style=\"padding-left: 40px;\"><strong>Reflexolog\u00eda en planta de pies (30 min.)<\/strong><br \/>\n$70.000<\/p>\n<hr \/>\n<h4>\nSpa de Ni\u00f1os<\/h4>\n<p>(hasta los 12 a\u00f1os)<\/p>\n<p><b>Masaje para ni\u00f1os (30 min.)<\/b><br \/>\n$60.000<\/p>\n<p><strong>Chocoaventura (30 min.)<\/strong><br \/>\n$70.000<\/p>\n<hr \/>\n<h4>\nFaciales<\/h4>\n<p><strong><br \/>\nLiSing Japon\u00e9s<\/strong><br \/>\n$105.000<\/p>\n<p><strong>Mascarilla anV Acn\u00e9<\/strong><br \/>\n$80.000<\/p>","protected":false},"excerpt":{"rendered":"<p>Armon\u00eda Zen (1 hora) $150.000 Consiente y renueva tu cuerpo con un relajante masaje y una exfoliaci\u00f3n con cristales marinos acompa\u00f1ado de una hidratante mascarilla facial. Masaje con Piedras Volc\u00e1nicas (1 hora) $130.000 Recibe alivio y relajaci\u00f3n muscular al combinar el masaje con la temperatura ideal de las piedras volc\u00e1nicas. Relajaci\u00f3n Termal (1 hora) $110.000&#8230;<\/p>","protected":false},"featured_media":2327,"comment_status":"closed","ping_status":"closed","template":"","meta":{"_kad_post_transparent":"default","_kad_post_title":"","_kad_post_layout":"default","_kad_post_sidebar_id":"","_kad_post_content_style":"default","_kad_post_vertical_padding":"default","_kad_post_feature":"","_kad_post_feature_position":"","_kad_post_header":false,"_kad_post_footer":false,"_kad_post_classname":""},"product_brand":[],"product_cat":[26],"product_tag":[],"class_list":{"0":"post-390","1":"product","2":"type-product","3":"status-publish","4":"has-post-thumbnail","6":"product_cat-spa","8":"first","9":"instock","10":"virtual","11":"product-type-simple","12":"entry","13":"content-bg","14":"loop-entry"},"_links":{"self":[{"href":"https:\/\/termaleslosvolcanes.com\/en\/wp-json\/wp\/v2\/product\/390","targetHints":{"allow":["GET"]}}],"collection":[{"href":"https:\/\/termaleslosvolcanes.com\/en\/wp-json\/wp\/v2\/product"}],"about":[{"href":"https:\/\/termaleslosvolcanes.com\/en\/wp-json\/wp\/v2\/types\/product"}],"replies":[{"embeddable":true,"href":"https:\/\/termaleslosvolcanes.com\/en\/wp-json\/wp\/v2\/comments?post=390"}],"wp:featuredmedia":[{"embeddable":true,"href":"https:\/\/termaleslosvolcanes.com\/en\/wp-json\/wp\/v2\/media\/2327"}],"wp:attachment":[{"href":"https:\/\/termaleslosvolcanes.com\/en\/wp-json\/wp\/v2\/media?parent=390"}],"wp:term":[{"taxonomy":"product_brand","embeddable":true,"href":"https:\/\/termaleslosvolcanes.com\/en\/wp-json\/wp\/v2\/product_brand?post=390"},{"taxonomy":"product_cat","embeddable":true,"href":"https:\/\/termaleslosvolcanes.com\/en\/wp-json\/wp\/v2\/product_cat?post=390"},{"taxonomy":"product_tag","embeddable":true,"href":"https:\/\/termaleslosvolcanes.com\/en\/wp-json\/wp\/v2\/product_tag?post=390"}],"curies":[{"name":"wp","href":"https:\/\/api.w.org\/{rel}","templated":true}]}}